{"id":100,"date":"2016-05-17T10:06:10","date_gmt":"2016-05-17T08:06:10","guid":{"rendered":"http:\/\/www.it8.cz\/kuk\/?page_id=100"},"modified":"2017-01-05T11:42:12","modified_gmt":"2017-01-05T10:42:12","slug":"stanoviska-kuk","status":"publish","type":"page","link":"https:\/\/www.odborykuk.cz\/?page_id=100","title":{"rendered":"Stanoviska KUK"},"content":{"rendered":"<ul>\n<li>k n\u00e1vrhu <a href=\"wp-content\/uploads\/2016\/05\/stanoviska_zakon_o_zamestanosti.pdf\">z\u00e1kona o zam\u011bstnanosti<\/a><\/li>\n<li>k n\u00e1vrhu <a href=\"wp-content\/uploads\/2016\/05\/stanoviska_pamatkove_fondy.pdf\">z\u00e1kona o ochran\u011b pam\u00e1tkov\u00e9ho fondu<\/a> a o zm\u011bn\u011b z\u00e1kona \u010d. 634\/2004 Sb., o spr\u00e1vn\u00edch poplatc\u00edch<\/li>\n<li>k novele <a href=\"wp-content\/uploads\/2016\/05\/stanoviska_zakon_o_audiovizualnich_dilech.pdf\">z\u00e1kona o audiovizu\u00e1ln\u00edch d\u00edlech<\/a><\/li>\n<li>k n\u00e1vrhu <a href=\"wp-content\/uploads\/2016\/05\/stanoviska_zakon_o_pravu_autorskem.pdf\">z\u00e1kona o pr\u00e1vu autorsk\u00e9m<\/a>, o pr\u00e1vech souvisej\u00edc\u00edch s pr\u00e1vem autorsk\u00fdm a o zm\u011bn\u011b n\u011bkter\u00fdch z\u00e1kon\u016f<\/li>\n<li>k n\u00e1vrhu z\u00e1kona, kter\u00fdm se m\u011bn\u00ed n\u011bkter\u00e9 <a href=\"wp-content\/uploads\/2016\/05\/stanoviska_zakon_v_oblasti_dani.pdf\">z\u00e1kony v oblasti dan\u00ed<\/a><\/li>\n<li>k n\u00e1vrhu z\u00e1kona, kter\u00fdm se m\u011bn\u00ed z\u00e1kon \u010d. 262\/2006 Sb., <a href=\"wp-content\/uploads\/2016\/05\/stanoviska_zakonik_prace.pdf\">z\u00e1kon\u00edk pr\u00e1ce<\/a>, ve zn\u011bn\u00ed pozd\u011bj\u0161\u00edch p\u0159edpis\u016f, a dal\u0161\u00ed souvisej\u00edc\u00ed z\u00e1kony<\/li>\n<\/ul>\n","protected":false},"excerpt":{"rendered":"<p>k n\u00e1vrhu z\u00e1kona o zam\u011bstnanosti k n\u00e1vrhu z\u00e1kona o ochran\u011b pam\u00e1tkov\u00e9ho fondu a o zm\u011bn\u011b z\u00e1kona \u010d. 634\/2004 Sb., o spr\u00e1vn\u00edch poplatc\u00edch k novele z\u00e1kona o audiovizu\u00e1ln\u00edch d\u00edlech k n\u00e1vrhu z\u00e1kona o pr\u00e1vu autorsk\u00e9m, o pr\u00e1vech souvisej\u00edc\u00edch s pr\u00e1vem autorsk\u00fdm a o zm\u011bn\u011b n\u011bkter\u00fdch z\u00e1kon\u016f k n\u00e1vrhu z\u00e1kona, kter\u00fdm se m\u011bn\u00ed n\u011bkter\u00e9 z\u00e1kony v oblasti [&hellip;]<\/p>\n","protected":false},"author":1,"featured_media":0,"parent":0,"menu_order":0,"comment_status":"closed","ping_status":"closed","template":"","meta":[],"categories":[10],"tags":[],"_links":{"self":[{"href":"https:\/\/www.odborykuk.cz\/index.php?rest_route=\/wp\/v2\/pages\/100"}],"collection":[{"href":"https:\/\/www.odborykuk.cz\/index.php?rest_route=\/wp\/v2\/pages"}],"about":[{"href":"https:\/\/www.odborykuk.cz\/index.php?rest_route=\/wp\/v2\/types\/page"}],"author":[{"embeddable":true,"href":"https:\/\/www.odborykuk.cz\/index.php?rest_route=\/wp\/v2\/users\/1"}],"replies":[{"embeddable":true,"href":"https:\/\/www.odborykuk.cz\/index.php?rest_route=%2Fwp%2Fv2%2Fcomments&post=100"}],"version-history":[{"count":3,"href":"https:\/\/www.odborykuk.cz\/index.php?rest_route=\/wp\/v2\/pages\/100\/revisions"}],"predecessor-version":[{"id":217,"href":"https:\/\/www.odborykuk.cz\/index.php?rest_route=\/wp\/v2\/pages\/100\/revisions\/217"}],"wp:attachment":[{"href":"https:\/\/www.odborykuk.cz\/index.php?rest_route=%2Fwp%2Fv2%2Fmedia&parent=100"}],"wp:term":[{"taxonomy":"category","embeddable":true,"href":"https:\/\/www.odborykuk.cz\/index.php?rest_route=%2Fwp%2Fv2%2Fcategories&post=100"},{"taxonomy":"post_tag","embeddable":true,"href":"https:\/\/www.odborykuk.cz\/index.php?rest_route=%2Fwp%2Fv2%2Ftags&post=100"}],"curies":[{"name":"wp","href":"https:\/\/api.w.org\/{rel}","templated":true}]}}