{"id":104,"date":"2016-05-17T10:14:10","date_gmt":"2016-05-17T08:14:10","guid":{"rendered":"http:\/\/www.it8.cz\/kuk\/?page_id=104"},"modified":"2024-09-26T17:08:35","modified_gmt":"2024-09-26T15:08:35","slug":"kontakty","status":"publish","type":"page","link":"https:\/\/www.odborykuk.cz\/?page_id=104","title":{"rendered":"Kontakty"},"content":{"rendered":"\n<h4>Praha<\/h4>\n\n\n\n<p>Senov\u00e1\u017en\u00e9 n\u00e1m. 23, 110 00 Praha 1<br>tel.: <a href=\"tel:+420224142555\">224 142 555<\/a><br>email: <a href=\"mailto:odborykuk@volny.cz\">odborykuk@volny.cz<\/a><br>GPS: Loc: 50\u00b05&#8217;7.78&#8243;N,14\u00b025&#8217;54.83&#8243;E<\/p>\n\n\n\n<h4>Brno<\/h4>\n\n\n\n<p>V\u00edde\u0148sk\u00e1 121, 619 00 Brno<br>tel.: <a href=\"tel:+420603435332\">603 435 332<\/a><br>email: <a href=\"mailto:kuk-brno@seznam.cz\">kuk-brno@seznam.cz<\/a><\/p>\n\n\n\n<h4>Bratislava<\/h4>\n\n\n\n<p>\u013dubovnianska 14, 851 07 Bratislava<br>tel.: <a href=\"tel:+421903445760\">00421\/ 903 445 760<\/a><br>email: <a href=\"mailto:silvesterhuska@gmail.com\" data-type=\"mailto\" data-id=\"mailto:silvesterhuska@gmail.com\">silvesterhuska@gmail.com<\/a><\/p>\n\n\n\n<h2>Registrace<\/h2>\n\n\n\n<p>Spolkov\u00fd rejst\u0159\u00edk, veden\u00fd M\u011bstsk\u00fdm soudem v Praze odd\u00edl L, vlo\u017eka 2387 ze dne 1. 1. 2014. P\u016fvodn\u00ed evidence KUK byla u MV \u010cR ze dne 18. 7. 1991.<\/p>\n\n\n\n<p>I\u010c: 00225517<\/p>\n\n\n\n<h2>P\u0159edstavitel\u00e9 KUK<\/h2>\n\n\n\n<figure class=\"wp-block-table\"><table><tbody><tr><td>Prezident<\/td><td>Mgr. Silvester H\u00faska<\/td><\/tr><tr><td>Viceprezidentka<\/td><td>Mgr. Jessica Horv\u00e1thov\u00e1<\/td><\/tr><tr><td>Legislativn\u011b pr\u00e1vn\u00ed odbor<\/td><td>Mgr. Ji\u0159\u00ed Hon\u011bk<\/td><\/tr><tr><td>BOZP KUK<\/td><td>Ing. Mgr. Bc. Jaroslav Pl\u0161ek<br>Ing. Pavla Stav\u011blov\u00e1<\/td><\/tr><tr><td>V\u00fdkonn\u00e1 tajemnice<\/td><td>Miroslava Bohu\u0148kov\u00e1<\/td><\/tr><\/tbody><\/table><\/figure>\n","protected":false},"excerpt":{"rendered":"<p>Praha Senov\u00e1\u017en\u00e9 n\u00e1m. 23, 110 00 Praha 1tel.: 224 142 555email: odborykuk@volny.czGPS: Loc: 50\u00b05&#8217;7.78&#8243;N,14\u00b025&#8217;54.83&#8243;E Brno V\u00edde\u0148sk\u00e1 121, 619 00 Brnotel.: 603 435 332email: kuk-brno@seznam.cz Bratislava \u013dubovnianska 14, 851 07 Bratislavatel.: 00421\/ 903 445 760email: silvesterhuska@gmail.com Registrace Spolkov\u00fd rejst\u0159\u00edk, veden\u00fd M\u011bstsk\u00fdm soudem v Praze odd\u00edl L, vlo\u017eka 2387 ze dne 1. 1. 2014. P\u016fvodn\u00ed evidence KUK [&hellip;]<\/p>\n","protected":false},"author":1,"featured_media":0,"parent":0,"menu_order":0,"comment_status":"closed","ping_status":"closed","template":"","meta":[],"categories":[11],"tags":[],"_links":{"self":[{"href":"https:\/\/www.odborykuk.cz\/index.php?rest_route=\/wp\/v2\/pages\/104"}],"collection":[{"href":"https:\/\/www.odborykuk.cz\/index.php?rest_route=\/wp\/v2\/pages"}],"about":[{"href":"https:\/\/www.odborykuk.cz\/index.php?rest_route=\/wp\/v2\/types\/page"}],"author":[{"embeddable":true,"href":"https:\/\/www.odborykuk.cz\/index.php?rest_route=\/wp\/v2\/users\/1"}],"replies":[{"embeddable":true,"href":"https:\/\/www.odborykuk.cz\/index.php?rest_route=%2Fwp%2Fv2%2Fcomments&post=104"}],"version-history":[{"count":7,"href":"https:\/\/www.odborykuk.cz\/index.php?rest_route=\/wp\/v2\/pages\/104\/revisions"}],"predecessor-version":[{"id":225,"href":"https:\/\/www.odborykuk.cz\/index.php?rest_route=\/wp\/v2\/pages\/104\/revisions\/225"}],"wp:attachment":[{"href":"https:\/\/www.odborykuk.cz\/index.php?rest_route=%2Fwp%2Fv2%2Fmedia&parent=104"}],"wp:term":[{"taxonomy":"category","embeddable":true,"href":"https:\/\/www.odborykuk.cz\/index.php?rest_route=%2Fwp%2Fv2%2Fcategories&post=104"},{"taxonomy":"post_tag","embeddable":true,"href":"https:\/\/www.odborykuk.cz\/index.php?rest_route=%2Fwp%2Fv2%2Ftags&post=104"}],"curies":[{"name":"wp","href":"https:\/\/api.w.org\/{rel}","templated":true}]}}