{"id":106,"date":"2016-05-17T10:14:44","date_gmt":"2016-05-17T08:14:44","guid":{"rendered":"http:\/\/www.it8.cz\/kuk\/?page_id=106"},"modified":"2017-01-05T11:40:44","modified_gmt":"2017-01-05T10:40:44","slug":"cinnost-bozp-kuk","status":"publish","type":"page","link":"https:\/\/www.odborykuk.cz\/?page_id=106","title":{"rendered":"\u010cinnost BOZP KUK"},"content":{"rendered":"<p>KUK jako odborov\u00e1 centr\u00e1la zaji\u0161\u0165uje metodickou a kontroln\u00ed \u010dinnost v oblasti  BOZP pro v\u0161echny sdru\u017een\u00e9 odborov\u00e9 svazy a profesn\u00ed asociace, resp. jejich \u010dleny. D\u00e1le prov\u00e1d\u00ed bez\u00faplatn\u00e9 metodick\u00e9 kontroly a poradenstv\u00ed BOZP tak\u00e9 u zam\u011bstnavatel\u016f a OSV\u010c vykon\u00e1vaj\u00edc\u00ed \u010dinnost v oblasti kultury, pop\u0159. u subjekt\u016f, kde nejsou odborov\u00e9 organizace, pop\u0159. na jejich vy\u017e\u00e1d\u00e1n\u00ed. <\/p>\n<p>\u00datvar BOZP prov\u00e1d\u00ed kontroly nad stavem bezpe\u010dnosti a ochrany zdrav\u00ed p\u0159i pr\u00e1ci v organizac\u00edch v oblasti kultury, zabezpe\u010duje legislativn\u00ed \u010dinnost na tomto \u00faseku, vypracov\u00e1v\u00e1 pl\u00e1n kontrol a vyhodnocuje jeho pln\u011bn\u00ed. Zaji\u0161\u0165uje sestavov\u00e1n\u00ed a \u010derp\u00e1n\u00ed rozpo\u010dtu souvisej\u00edc\u00ed s v\u00fdkonem \u010dinnost\u00ed sv\u011b\u0159en\u00fdch st\u00e1tem.<\/p>\n<p>\u00datvar BOZP podle pot\u0159eb konfederovan\u00fdch organizuje \u0161kolen\u00ed osob s tematick\u00fdm zam\u011b\u0159en\u00edm na oblast BOZP. Prov\u00e1d\u00ed metodickou \u010dinnost u jednotliv\u00fdch subjekt\u016f (tj. pr\u00e1vnick\u00fdch osob a fyzick\u00fdch osob provozuj\u00edc\u00edch samostatn\u011b v\u00fdd\u011ble\u010dnou \u010dinnost v oblasti um\u011bn\u00ed a kultury) a v\u00fdznamn\u011b se tak pod\u00edl\u00ed na prevenci a p\u0159edch\u00e1zen\u00ed vzniku rizik.<\/p>\n<p>V \u010dele \u00fatvaru je vedouc\u00ed pracovn\u00edk, kter\u00fd je pod\u0159\u00edzen prezidentovi KUK. \u010cinnost BOZP KUK zaji\u0161\u0165uj\u00ed 2 svazov\u00ed inspekto\u0159i bezpe\u010dnosti pr\u00e1ce.<\/p>\n<h4>Dokumenty ke sta\u017een\u00ed<\/h4>\n<p>Z\u00e1kladn\u00ed bezpe\u010dnostn\u00ed pravidla pro kancel\u00e1\u0159e <a href=\"wp-content\/uploads\/2016\/05\/BOZP.pdf\">[pdf]<\/a><\/p>\n<p>P\u0159ehled \u0161kolen\u00ed a zkou\u0161ek zam\u011bstnanc\u016f <a href=\"wp-content\/uploads\/2016\/05\/BOZP_odborna_skoleni.pdf\">[pdf]<\/a><\/p>\n<p>Povinnosti zam\u011bstnavatele v oblasti BOZP <a href=\"wp-content\/uploads\/2016\/05\/BOZP_povinnosti_zamestnavatele.pdf\">[pdf]<\/a><\/p>\n<p>Metodika BOZP &#8211; zm\u011bny a aktualizace pro rok 2016 <a href=\"wp-content\/uploads\/2016\/05\/BOZP_metodika.pdf\">[pdf]<\/a><\/p>\n<p>Kompletn\u00ed seznam tiskopis\u016f <a href=\"wp-content\/uploads\/2016\/05\/BOZP_seznam_tiskopisu.pdf\">[pdf]<\/a><\/p>\n<p>Bezpe\u010dnost pr\u00e1ce plat\u00ed i pro mal\u00e9 firmy <a href=\"wp-content\/uploads\/2016\/05\/BOZP_male_firmy.pdf\">[pdf]<\/a><\/p>\n<p>Opr\u00e1vn\u011bn\u00ed kontrol <a href=\"wp-content\/uploads\/2016\/05\/BOZP_opravneni_kontrol.pdf\">[pdf]<\/a><\/p>\n<p>Odbory 2015 <a href=\"wp-content\/uploads\/2016\/05\/BOZP_odbory2015.pdf\">[pdf]<\/a><\/p>\n<p>Opr\u00e1vn\u011bn\u00ed odbor\u016f <a href=\"wp-content\/uploads\/2016\/05\/BOZP_opravneni_odboru.pdf\">[pdf]<\/a><\/p>\n<p>Vyhl\u00e1\u0161ka, kterou se m\u011bn\u00ed vyhl\u00e1\u0161ka \u010d 114\/2002 Sb., o fondu kulturn\u00edch a soci\u00e1ln\u00edch pot\u0159eb <a href=\"wp-content\/uploads\/2016\/05\/BOZP_vyhlaska.pdf\">[pdf]<\/a><\/p>\n","protected":false},"excerpt":{"rendered":"<p>KUK jako odborov\u00e1 centr\u00e1la zaji\u0161\u0165uje metodickou a kontroln\u00ed \u010dinnost v oblasti BOZP pro v\u0161echny sdru\u017een\u00e9 odborov\u00e9 svazy a profesn\u00ed asociace, resp. jejich \u010dleny. D\u00e1le prov\u00e1d\u00ed bez\u00faplatn\u00e9 metodick\u00e9 kontroly a poradenstv\u00ed BOZP tak\u00e9 u zam\u011bstnavatel\u016f a OSV\u010c vykon\u00e1vaj\u00edc\u00ed \u010dinnost v oblasti kultury, pop\u0159. u subjekt\u016f, kde nejsou odborov\u00e9 organizace, pop\u0159. na jejich vy\u017e\u00e1d\u00e1n\u00ed. \u00datvar BOZP prov\u00e1d\u00ed [&hellip;]<\/p>\n","protected":false},"author":1,"featured_media":0,"parent":0,"menu_order":0,"comment_status":"closed","ping_status":"closed","template":"","meta":[],"categories":[6],"tags":[],"_links":{"self":[{"href":"https:\/\/www.odborykuk.cz\/index.php?rest_route=\/wp\/v2\/pages\/106"}],"collection":[{"href":"https:\/\/www.odborykuk.cz\/index.php?rest_route=\/wp\/v2\/pages"}],"about":[{"href":"https:\/\/www.odborykuk.cz\/index.php?rest_route=\/wp\/v2\/types\/page"}],"author":[{"embeddable":true,"href":"https:\/\/www.odborykuk.cz\/index.php?rest_route=\/wp\/v2\/users\/1"}],"replies":[{"embeddable":true,"href":"https:\/\/www.odborykuk.cz\/index.php?rest_route=%2Fwp%2Fv2%2Fcomments&post=106"}],"version-history":[{"count":13,"href":"https:\/\/www.odborykuk.cz\/index.php?rest_route=\/wp\/v2\/pages\/106\/revisions"}],"predecessor-version":[{"id":216,"href":"https:\/\/www.odborykuk.cz\/index.php?rest_route=\/wp\/v2\/pages\/106\/revisions\/216"}],"wp:attachment":[{"href":"https:\/\/www.odborykuk.cz\/index.php?rest_route=%2Fwp%2Fv2%2Fmedia&parent=106"}],"wp:term":[{"taxonomy":"category","embeddable":true,"href":"https:\/\/www.odborykuk.cz\/index.php?rest_route=%2Fwp%2Fv2%2Fcategories&post=106"},{"taxonomy":"post_tag","embeddable":true,"href":"https:\/\/www.odborykuk.cz\/index.php?rest_route=%2Fwp%2Fv2%2Ftags&post=106"}],"curies":[{"name":"wp","href":"https:\/\/api.w.org\/{rel}","templated":true}]}}