{"id":110,"date":"2016-05-17T10:15:40","date_gmt":"2016-05-17T08:15:40","guid":{"rendered":"http:\/\/www.it8.cz\/kuk\/?page_id=110"},"modified":"2016-05-17T10:15:47","modified_gmt":"2016-05-17T08:15:47","slug":"organy-kuk","status":"publish","type":"page","link":"https:\/\/www.odborykuk.cz\/?page_id=110","title":{"rendered":"Org\u00e1ny KUK"},"content":{"rendered":"<h3>Kongres<\/h3>\n<p>Kongres je nejvy\u0161\u0161\u00edm org\u00e1nem KUK. Kongres je svol\u00e1v\u00e1n 1x za 5 let. Kongresu se z\u00fa\u010dast\u0148uj\u00ed \u010dlenov\u00e9 nejvy\u0161\u0161\u00edch org\u00e1n\u016f konfederovan\u00fdch. Konfederovan\u00ed na Kongresu projedn\u00e1vaj\u00ed \u010dinnost org\u00e1n\u016f KUK a mohou p\u0159edkl\u00e1dat org\u00e1n\u016fm KUK n\u00e1vrhy na opat\u0159en\u00ed souvisej\u00edc\u00ed s jejich \u010dinnost\u00ed. <\/p>\n<h3>Prez\u00eddium KUK<\/h3>\n<p>Prez\u00eddium KUK je nejvy\u0161\u0161\u00edm \u0159\u00edd\u00edc\u00edm org\u00e1nem KUK. Prez\u00eddium je kolektivn\u00ed org\u00e1n, jeho\u017e \u010dleny jsou p\u0159edstavitel\u00e9 jednotliv\u00fdch konfederovan\u00fdch, prezident KUK, viceprezident KUK, vedouc\u00ed LPO, vedouc\u00ed \u00fatvaru BOZP, p\u0159edseda Revizn\u00ed komise a v\u00fdkonn\u00fd tajemn\u00edk.<br \/>\nPosl\u00e1n\u00edm Prez\u00eddia je koordinace \u010dinnost\u00ed, z\u00e1jm\u016f a spole\u010dn\u00e9 politiky konfederovan\u00fdch. Jedn\u00e1n\u00ed prez\u00eddia KUK se \u0159\u00edd\u00ed jednac\u00edm \u0159\u00e1dem. <\/p>\n<h3>Prezident KUK<\/h3>\n<p>V \u010dele Konfederace um\u011bn\u00ed a kultury stoj\u00ed prezident, kter\u00fd je statut\u00e1rn\u00edm org\u00e1nem KUK. Prezidenta vol\u00ed a odvol\u00e1v\u00e1 prez\u00eddium. Funk\u010dn\u00ed obdob\u00ed prezidenta je \u010dty\u0159let\u00e9. Zp\u016fsob volby a odvol\u00e1n\u00ed prezidenta upravuje Volebn\u00ed \u0159\u00e1d schv\u00e1len\u00fd prez\u00eddiem.<br \/>\nPrezident \u0159\u00edd\u00ed, organizuje a odpov\u00edd\u00e1 za \u010dinnost KUK, vystupuje a jedn\u00e1 jm\u00e9nem KUK.<\/p>\n<h3>Viceprezident KUK<\/h3>\n<p>Zastupuje prezidenta KUK v rozsahu ur\u010den\u00e9m Prez\u00eddiem nebo prezidentem KUK.<br \/>\nViceprezidenta KUK vol\u00ed a odvol\u00e1v\u00e1 prez\u00eddium. Funk\u010dn\u00ed obdob\u00ed viceprezidenta je \u010dty\u0159let\u00e9. Zp\u016fsob volby a odvol\u00e1n\u00ed viceprezidenta KUK upravuje volebn\u00ed \u0159\u00e1d schv\u00e1len\u00fd prez\u00eddiem. Viceprezident mus\u00ed b\u00fdt ob\u010danem druh\u00e9 republiky, ne\u017e kter\u00e9 je ob\u010danem prezident KUK. Pro tuto republiku je pak nejvy\u0161\u0161\u00edm p\u0159edstavitelem KUK. <\/p>\n<h3>Sekretari\u00e1t KUK<\/h3>\n<p>Sekretari\u00e1t KUK zaji\u0161\u0165uje spr\u00e1vn\u00ed a administrativn\u00ed agendu Prez\u00eddia a prezidenta KUK. Za chod sekretari\u00e1tu odpov\u00edd\u00e1 v\u00fdkonn\u00fd tajemn\u00edk, kter\u00fd je pod\u0159\u00edzen prezidentovi KUK. <\/p>\n<h3>Legislativn\u011b pr\u00e1vn\u00ed odbor KUK<\/h3>\n<p>Legislativn\u011b pr\u00e1vn\u00ed odbor KUK zaji\u0161\u0165uje legislativn\u00ed a pr\u00e1vn\u00ed \u010dinnost KUK. Zodpov\u00edd\u00e1 za legislativn\u00ed \u010dinnost KUK. Zabezpe\u010duje \u010dinnost pr\u00e1vn\u00edho poradenstv\u00ed KUK a konfederovan\u00fdch v\u010detn\u011b slu\u017eeb pro org\u00e1ny KUK a jednotliv\u00e9 \u010dleny konfederovan\u00fdch. <\/p>\n<h3>Revizn\u00ed komise KUK<\/h3>\n<p>Revizn\u00ed komise kontroluje hospoda\u0159en\u00ed s prost\u0159edky sv\u011b\u0159en\u00fdmi konfederovan\u00fdmi na \u010dinnost KUK, pou\u017e\u00edv\u00e1n\u00ed prost\u0159edk\u016f sv\u011b\u0159en\u00fdch st\u00e1tem a hospoda\u0159en\u00ed se sv\u011b\u0159en\u00fdm majetkem. \u010cleny revizn\u00ed komise vol\u00ed Prez\u00eddium KUK na n\u00e1vrh konfederovan\u00fdch. Funk\u010dn\u00ed obdob\u00ed \u010dlen\u016f RK KUK je \u010dty\u0159let\u00e9.<\/p>\n","protected":false},"excerpt":{"rendered":"<p>Kongres Kongres je nejvy\u0161\u0161\u00edm org\u00e1nem KUK. Kongres je svol\u00e1v\u00e1n 1x za 5 let. Kongresu se z\u00fa\u010dast\u0148uj\u00ed \u010dlenov\u00e9 nejvy\u0161\u0161\u00edch org\u00e1n\u016f konfederovan\u00fdch. Konfederovan\u00ed na Kongresu projedn\u00e1vaj\u00ed \u010dinnost org\u00e1n\u016f KUK a mohou p\u0159edkl\u00e1dat org\u00e1n\u016fm KUK n\u00e1vrhy na opat\u0159en\u00ed souvisej\u00edc\u00ed s jejich \u010dinnost\u00ed. Prez\u00eddium KUK Prez\u00eddium KUK je nejvy\u0161\u0161\u00edm \u0159\u00edd\u00edc\u00edm org\u00e1nem KUK. Prez\u00eddium je kolektivn\u00ed org\u00e1n, jeho\u017e \u010dleny jsou [&hellip;]<\/p>\n","protected":false},"author":1,"featured_media":0,"parent":0,"menu_order":0,"comment_status":"closed","ping_status":"closed","template":"","meta":[],"categories":[4],"tags":[],"_links":{"self":[{"href":"https:\/\/www.odborykuk.cz\/index.php?rest_route=\/wp\/v2\/pages\/110"}],"collection":[{"href":"https:\/\/www.odborykuk.cz\/index.php?rest_route=\/wp\/v2\/pages"}],"about":[{"href":"https:\/\/www.odborykuk.cz\/index.php?rest_route=\/wp\/v2\/types\/page"}],"author":[{"embeddable":true,"href":"https:\/\/www.odborykuk.cz\/index.php?rest_route=\/wp\/v2\/users\/1"}],"replies":[{"embeddable":true,"href":"https:\/\/www.odborykuk.cz\/index.php?rest_route=%2Fwp%2Fv2%2Fcomments&post=110"}],"version-history":[{"count":1,"href":"https:\/\/www.odborykuk.cz\/index.php?rest_route=\/wp\/v2\/pages\/110\/revisions"}],"predecessor-version":[{"id":111,"href":"https:\/\/www.odborykuk.cz\/index.php?rest_route=\/wp\/v2\/pages\/110\/revisions\/111"}],"wp:attachment":[{"href":"https:\/\/www.odborykuk.cz\/index.php?rest_route=%2Fwp%2Fv2%2Fmedia&parent=110"}],"wp:term":[{"taxonomy":"category","embeddable":true,"href":"https:\/\/www.odborykuk.cz\/index.php?rest_route=%2Fwp%2Fv2%2Fcategories&post=110"},{"taxonomy":"post_tag","embeddable":true,"href":"https:\/\/www.odborykuk.cz\/index.php?rest_route=%2Fwp%2Fv2%2Ftags&post=110"}],"curies":[{"name":"wp","href":"https:\/\/api.w.org\/{rel}","templated":true}]}}