{"id":112,"date":"2016-05-17T10:16:21","date_gmt":"2016-05-17T08:16:21","guid":{"rendered":"http:\/\/www.it8.cz\/kuk\/?page_id=112"},"modified":"2016-11-13T16:28:45","modified_gmt":"2016-11-13T15:28:45","slug":"odborove-svazy-sdruzene-v-kuk","status":"publish","type":"page","link":"https:\/\/www.odborykuk.cz\/?page_id=112","title":{"rendered":"Odborov\u00e9 svazy sdru\u017een\u00e9 v KUK"},"content":{"rendered":"<p>Asociace \u010desk\u00fdch kameraman\u016f &#8211; <a href=\"http:\/\/www.ceskam.cz\/\" target=\"_blank\">A\u010cK<\/a><\/p>\n<p>Asociace filmov\u00fdch a televizn\u00edch st\u0159iha\u010d\u016f &#8211; <a href=\"http:\/\/www.asociacestrihacu.cz\/\" target=\"_blank\">AFTS<\/a><\/p>\n<p>Asociace mask\u00e9r\u016f a vl\u00e1senk\u00e1\u0159\u016f &#8211; <a href=\"http:\/\/rejstrik-firem.kurzy.cz\/02445123\/asociace-filmovychteleviznich-a-divadelnich-maskeru-a-vlasenkaru\/\" target=\"_blank\">AMAV<\/a><\/p>\n<p>Asociace pracovn\u00edk\u016f se zvukem &#8211; <a href=\"http:\/\/www.zlatestranky.cz\/firmy\/Praha\/H396051\/APZ+asociace+pracovn\u00edk\u016f+se+zvukem\/\" target=\"_blank\">APZ<\/a><\/p>\n<p>Mezin\u00e1rodn\u00ed odborov\u00fd svaz pracovn\u00edk\u016f v kinematografii &#8211; <a href=\"http:\/\/www.zlatestranky.cz\/firmy\/-\/q_kinos\/1\/\" target=\"_blank\">KINOS<\/a><\/p>\n<p>Nez\u00e1visl\u00fd klub pr\u00e1vn\u00edk\u016f &#8211; <a href=\"http:\/\/rejstrik.finance.cz\/64329453-nezavisly-klub-pravniku\/\" target=\"_blank\">NKP<\/a><\/p>\n<p>Odborov\u00e1 asociace divadeln\u00edk\u016f &#8211; <a href=\"http:\/\/rv-oad.cz\/\" target=\"_blank\">OAD<\/a><\/p>\n<p>Odborov\u00e1 organizace restaur\u00e1tor\u016f &#8211; <a href=\"http:\/\/www.socharsky-zpravodaj.cz\/index.php?a=2015-55\/pamatkovy_fond\" target=\"_blank\">OOR<\/a><\/p>\n<p>Syndik\u00e1t p\u0159ekladatel\u016f a tlumo\u010dn\u00edk\u016f<\/p>\n<p>Syndik\u00e1t v\u00fdtvarn\u00fdch um\u011blc\u016f \u010cR &#8211; <a href=\"http:\/\/rejstrik.penize.cz\/ares\/61382337-syndikat-vytvarnych-umelcu\" target=\"_blank\">SVU<\/a><\/p>\n<p>Um\u011bleck\u00e9 sdru\u017een\u00ed <a href=\"http:\/\/www.zabava-artes.cz\" target=\"_blank\">ARTES<\/a><\/p>\n<p>\u017didovsk\u00e1 odborov\u00e1 asociace &#8211; <a href=\"http:\/\/rejstrik-firem.kurzy.cz\/26998629\/zidovska-odborova-asociace\/statisticky-urad\/\" target=\"_blank\">\u017dOA<\/a><\/p>\n<p><a href=\"http:\/\/www.zisk.sk\/30811147\/unia-odborovy-zvaz-profesionalnych-orchestralnych-hudobnikov-slovenska\/\" target=\"_blank\">\u00daNIA<\/a> &#8211; Odborov\u00fd zv\u00e4z profesion\u00e1lnych orchestr\u00e1lnych hudobn\u00edkov SR<\/p>\n<p>Slovensk\u00fd Odborov\u00fd zv\u00e4z slobodn\u00fdch povolan\u00ed SR<\/p>\n","protected":false},"excerpt":{"rendered":"<p>Asociace \u010desk\u00fdch kameraman\u016f &#8211; A\u010cK Asociace filmov\u00fdch a televizn\u00edch st\u0159iha\u010d\u016f &#8211; AFTS Asociace mask\u00e9r\u016f a vl\u00e1senk\u00e1\u0159\u016f &#8211; AMAV Asociace pracovn\u00edk\u016f se zvukem &#8211; APZ Mezin\u00e1rodn\u00ed odborov\u00fd svaz pracovn\u00edk\u016f v kinematografii &#8211; KINOS Nez\u00e1visl\u00fd klub pr\u00e1vn\u00edk\u016f &#8211; NKP Odborov\u00e1 asociace divadeln\u00edk\u016f &#8211; OAD Odborov\u00e1 organizace restaur\u00e1tor\u016f &#8211; OOR Syndik\u00e1t p\u0159ekladatel\u016f a tlumo\u010dn\u00edk\u016f Syndik\u00e1t v\u00fdtvarn\u00fdch um\u011blc\u016f \u010cR [&hellip;]<\/p>\n","protected":false},"author":1,"featured_media":0,"parent":0,"menu_order":0,"comment_status":"closed","ping_status":"closed","template":"","meta":[],"categories":[4],"tags":[],"_links":{"self":[{"href":"https:\/\/www.odborykuk.cz\/index.php?rest_route=\/wp\/v2\/pages\/112"}],"collection":[{"href":"https:\/\/www.odborykuk.cz\/index.php?rest_route=\/wp\/v2\/pages"}],"about":[{"href":"https:\/\/www.odborykuk.cz\/index.php?rest_route=\/wp\/v2\/types\/page"}],"author":[{"embeddable":true,"href":"https:\/\/www.odborykuk.cz\/index.php?rest_route=\/wp\/v2\/users\/1"}],"replies":[{"embeddable":true,"href":"https:\/\/www.odborykuk.cz\/index.php?rest_route=%2Fwp%2Fv2%2Fcomments&post=112"}],"version-history":[{"count":8,"href":"https:\/\/www.odborykuk.cz\/index.php?rest_route=\/wp\/v2\/pages\/112\/revisions"}],"predecessor-version":[{"id":197,"href":"https:\/\/www.odborykuk.cz\/index.php?rest_route=\/wp\/v2\/pages\/112\/revisions\/197"}],"wp:attachment":[{"href":"https:\/\/www.odborykuk.cz\/index.php?rest_route=%2Fwp%2Fv2%2Fmedia&parent=112"}],"wp:term":[{"taxonomy":"category","embeddable":true,"href":"https:\/\/www.odborykuk.cz\/index.php?rest_route=%2Fwp%2Fv2%2Fcategories&post=112"},{"taxonomy":"post_tag","embeddable":true,"href":"https:\/\/www.odborykuk.cz\/index.php?rest_route=%2Fwp%2Fv2%2Ftags&post=112"}],"curies":[{"name":"wp","href":"https:\/\/api.w.org\/{rel}","templated":true}]}}