{"id":114,"date":"2016-05-17T10:16:50","date_gmt":"2016-05-17T08:16:50","guid":{"rendered":"http:\/\/www.it8.cz\/kuk\/?page_id=114"},"modified":"2016-05-17T10:16:50","modified_gmt":"2016-05-17T08:16:50","slug":"historie-kuk","status":"publish","type":"page","link":"https:\/\/www.odborykuk.cz\/?page_id=114","title":{"rendered":"Historie KUK"},"content":{"rendered":"<p>Konfederace um\u011bn\u00ed a kultury vznikla dne 27. 2. 1990. Byla ustavena jako v\u016fbec prvn\u00ed nez\u00e1visl\u00e1 odborov\u00e1 centr\u00e1la v polistopadov\u00e9m obdob\u00ed roku 1989. Postupn\u011b se v n\u00ed sdru\u017eilo 23 odborov\u00fdch svaz\u016f. Nutno podotknout, \u017ee vznikla z v\u016fle \u010dlen\u016f, tedy \u201ezdola\u201c a vznik byl spont\u00e1nn\u00edm projevem p\u0159\u00e1n\u00ed rozlou\u010dit se prov\u017edy s p\u0159edlistopadov\u00fdm obdob\u00edm nesvobody a potla\u010dov\u00e1n\u00edm z\u00e1kladn\u00edch demokratick\u00fdch princip\u016f i v odborov\u00e9m hnut\u00ed.  <\/p>\n<p>P\u0159edstavitel\u00e9 nov\u011b se ustanovuj\u00edc\u00edch odborov\u00fdch svaz\u016f z oblasti um\u011bn\u00ed a kultury si uv\u011bdomovali v mnoha sm\u011brech neslu\u010ditelnost z\u00e1jm\u016f v\u00fdrobn\u00ed a tzv. nev\u00fdrobn\u00ed sf\u00e9ry a rizika z toho vypl\u00fdvaj\u00edc\u00ed v pr\u016fb\u011bhu transformace na\u0161eho hospod\u00e1\u0159stv\u00ed, p\u0159edev\u0161\u00edm pro sf\u00e9ru nev\u00fdrobn\u00ed. Poci\u0165ovali jako nutnost vznik samostatn\u00e9ho odborov\u00e9ho sdru\u017een\u00ed, kter\u00e9 by obhajovalo z\u00e1jmy nev\u00fdrobn\u00ed sf\u00e9ry, co do po\u010dtu pracovn\u00edk\u016f podstatn\u011b men\u0161\u00edho rozsahu ne\u017e je sf\u00e9ra v\u00fdrobn\u00ed, co do v\u00fdznamu pro chod st\u00e1tu, ekonomiky a v neposledn\u00ed \u0159ad\u011b vzd\u011blanost a uchov\u00e1n\u00ed kulturn\u00edch hodnot n\u00e1roda v\u0161ak nejm\u00e9n\u011b stejn\u011b v\u00fdznamn\u00e1.<\/p>\n<p>Tyto snahy byly formulov\u00e1ny v Chart\u011b KUK, k n\u00ed\u017e p\u0159ipojili podpisy v\u0161ichni p\u0159edstavitel\u00e9 tehdej\u0161\u00edch, u\u017e transformovan\u00fdch nebo nov\u011b vznikl\u00fdch, odborov\u00fdch svaz\u016f a profesn\u00edch sdru\u017een\u00ed v oblasti kultury.<\/p>\n<p>Do \u010dela tehdy feder\u00e1ln\u00ed centr\u00e1ly byl v roce 1990 zvolen Jan K\u0159titel S\u00fdkora. Po jeho rezignaci v roce 1991 zaji\u0161\u0165ovalo chod Konfederace \u010dty\u0159\u010dlenn\u00e9 Prez\u00eddium KUK. Po nov\u00fdch volb\u00e1ch v roce 1993 byl zvolen prezidentem KUK Anton\u00edn Foldyna, p\u0159edseda Odborov\u00e9 asociace divadeln\u00edk\u016f, kter\u00fd zem\u0159el v z\u00e1\u0159\u00ed 1997. Od voleb v prosinci 1997 do kv\u011btna roku 2010 byla prezidentkou Adriena Jirkov\u00e1, p\u0159edsedkyn\u011b Mezin\u00e1rodn\u00edho odborov\u00e9ho svazu pracovn\u00edk\u016f v kinematografii \u2013 KINOS. Od kv\u011btna 2010 po \u00famrt\u00ed pan\u00ed Jirkov\u00e9 zastupoval KUK viceprezident Mgr. Silvester H\u00faska do \u0159\u00e1dn\u00fd voleb v roce 2011, kdy se stal prezidentem Konfederace. <\/p>\n<p>V \u00fanoru 1993 v r\u00e1mci rozd\u011blen\u00ed \u010cSFR p\u0159eorganizovala KUK svou strukturu na \u201emezin\u00e1rodn\u00ed\u201c a tak v n\u00ed z\u016fstaly odborov\u00e9 svazy a profesn\u00ed asociace z obou nov\u011b vznikl\u00fdch republik. <\/p>\n","protected":false},"excerpt":{"rendered":"<p>Konfederace um\u011bn\u00ed a kultury vznikla dne 27. 2. 1990. Byla ustavena jako v\u016fbec prvn\u00ed nez\u00e1visl\u00e1 odborov\u00e1 centr\u00e1la v polistopadov\u00e9m obdob\u00ed roku 1989. Postupn\u011b se v n\u00ed sdru\u017eilo 23 odborov\u00fdch svaz\u016f. Nutno podotknout, \u017ee vznikla z v\u016fle \u010dlen\u016f, tedy \u201ezdola\u201c a vznik byl spont\u00e1nn\u00edm projevem p\u0159\u00e1n\u00ed rozlou\u010dit se prov\u017edy s p\u0159edlistopadov\u00fdm obdob\u00edm nesvobody a potla\u010dov\u00e1n\u00edm z\u00e1kladn\u00edch [&hellip;]<\/p>\n","protected":false},"author":1,"featured_media":0,"parent":0,"menu_order":0,"comment_status":"closed","ping_status":"closed","template":"","meta":[],"categories":[3],"tags":[],"_links":{"self":[{"href":"https:\/\/www.odborykuk.cz\/index.php?rest_route=\/wp\/v2\/pages\/114"}],"collection":[{"href":"https:\/\/www.odborykuk.cz\/index.php?rest_route=\/wp\/v2\/pages"}],"about":[{"href":"https:\/\/www.odborykuk.cz\/index.php?rest_route=\/wp\/v2\/types\/page"}],"author":[{"embeddable":true,"href":"https:\/\/www.odborykuk.cz\/index.php?rest_route=\/wp\/v2\/users\/1"}],"replies":[{"embeddable":true,"href":"https:\/\/www.odborykuk.cz\/index.php?rest_route=%2Fwp%2Fv2%2Fcomments&post=114"}],"version-history":[{"count":1,"href":"https:\/\/www.odborykuk.cz\/index.php?rest_route=\/wp\/v2\/pages\/114\/revisions"}],"predecessor-version":[{"id":115,"href":"https:\/\/www.odborykuk.cz\/index.php?rest_route=\/wp\/v2\/pages\/114\/revisions\/115"}],"wp:attachment":[{"href":"https:\/\/www.odborykuk.cz\/index.php?rest_route=%2Fwp%2Fv2%2Fmedia&parent=114"}],"wp:term":[{"taxonomy":"category","embeddable":true,"href":"https:\/\/www.odborykuk.cz\/index.php?rest_route=%2Fwp%2Fv2%2Fcategories&post=114"},{"taxonomy":"post_tag","embeddable":true,"href":"https:\/\/www.odborykuk.cz\/index.php?rest_route=%2Fwp%2Fv2%2Ftags&post=114"}],"curies":[{"name":"wp","href":"https:\/\/api.w.org\/{rel}","templated":true}]}}