{"id":94,"date":"2016-05-17T09:51:23","date_gmt":"2016-05-17T07:51:23","guid":{"rendered":"http:\/\/www.it8.cz\/kuk\/?page_id=94"},"modified":"2016-05-17T10:11:55","modified_gmt":"2016-05-17T08:11:55","slug":"charakteristika-kuk-stranka","status":"publish","type":"page","link":"https:\/\/www.odborykuk.cz\/","title":{"rendered":"Charakteristika KUK"},"content":{"rendered":"<p>Konfederace um\u011bn\u00ed a kultury je mezin\u00e1rodn\u00ed odborov\u00e1 centr\u00e1la s p\u016fsobnost\u00ed v \u010cesk\u00e9 republice se s\u00eddlem v Praze a v Brn\u011b a ve Slovensk\u00e9 republice se s\u00eddlem v Bratislav\u011b.<\/p>\n<p>Jedn\u00e1 se o samostatn\u00e9, nez\u00e1visl\u00e9 sdru\u017een\u00ed odborov\u00fdch a profesn\u00edch svaz\u016f a sdru\u017een\u00ed v\u00a0oblasti um\u011bn\u00ed, kultury a dal\u0161\u00edch tv\u016fr\u010d\u00edch \u010dinnost\u00ed s\u00a0c\u00edlem spole\u010dn\u00e9ho postupu p\u0159i h\u00e1jen\u00ed a prosazov\u00e1n\u00ed pr\u00e1v a z\u00e1jm\u016f pracovn\u00edk\u016f v\u00a0kultu\u0159e.<\/p>\n<p>Konfederace um\u011bn\u00ed a kultury je zalo\u017eena na ryze konfederativn\u00edm principu sdru\u017een\u00ed zcela sv\u00e9pr\u00e1vn\u00fdch odborov\u00fdch svaz\u016f, kter\u00e9 vyu\u017e\u00edvaj\u00ed k\u00a0prezentov\u00e1n\u00ed a prosazov\u00e1n\u00ed vlastn\u00edch n\u00e1zor\u016f z\u00a0oblasti soci\u00e1ln\u00ed a v\u00a0sou\u010dasn\u00e9 dob\u011b p\u0159edev\u0161\u00edm na \u0159e\u0161en\u00ed profesn\u00edch a profesion\u00e1ln\u00edch probl\u00e9m\u016f jednotliv\u00fdch odborov\u00fdch svaz\u016f.<\/p>\n<p>\u010cinnost KUK je zam\u011b\u0159ena zejm\u00e9na na poskytov\u00e1n\u00ed pr\u00e1vn\u00ed pomoci p\u0159i uzav\u00edr\u00e1n\u00ed kolektivn\u00edch smluv, poradenstv\u00ed zam\u011bstnanc\u016f s\u00a0\u0159e\u0161en\u00edm probl\u00e9m\u016f, kter\u00e9 vypl\u00fdvaj\u00ed z\u00a0jejich b\u011b\u017en\u00e9 ka\u017edodenn\u00ed \u010dinnosti v\u00a0kultu\u0159e, d\u00e1le na prevenci v\u00a0oblasti BOZP prost\u0159ednictv\u00edm poskytov\u00e1n\u00ed pr\u00e1vn\u00edch konzultac\u00ed.<\/p>\n<p>Z\u00e1kladn\u00edm a dnes u\u017e historick\u00fdm dokumentem Konfederace um\u011bn\u00ed a kultury je Charta KUK. Jej\u00edmi nezbytn\u00fdmi dopl\u0148ky je Organiza\u010dn\u00ed \u0159\u00e1d, kter\u00fd vymezuje postaven\u00ed, pravomoci a vz\u00e1jemn\u00e9 vztahy org\u00e1n\u016f KUK, d\u00e1le Jednac\u00ed a Volebn\u00ed \u0159\u00e1d.<\/p>\n<p>K\u00a0nezbytn\u00e9mu slad\u011bn\u00ed mnohdy n\u00e1zorov\u011b odli\u0161n\u00fdch postoj\u016f p\u0159edstavitel\u016f jednotliv\u00fdch OS se sch\u00e1z\u00ed pravideln\u011b Prez\u00eddium KUK, kde s\u00a0rovnocenn\u00fdm pr\u00e1vem hlasu bez ohledu na po\u010detnost \u010dlensk\u00e9 z\u00e1kladny jsou zastoupeny v\u0161echny konfederovan\u00e9 svazy sv\u00fdmi nejvy\u0161\u0161\u00edmi p\u0159edstaviteli. Svazy maj\u00ed ve smyslu konfederativn\u00edho principu samostatnou pr\u00e1vn\u00ed subjektivitu.<\/p>\n<p>K\u00a0technick\u00fdm \u0159e\u0161en\u00edm legislativn\u011b pr\u00e1vn\u00edch a odborn\u00fdch ot\u00e1zek byl z\u0159\u00edzen Legislativn\u011b\u00a0 pr\u00e1vn\u00ed odbor KUK. V\u00a0dal\u0161\u00edch oblastech \u0159e\u0161en\u00e9 problematiky vyu\u017e\u00edv\u00e1 KUK p\u0159edev\u0161\u00edm extern\u00edch odborn\u00fdch spoluprac\u00ed.<\/p>\n<p>V\u00a0sou\u010dasn\u00e9 dob\u011b KUK sdru\u017euje 14 odborov\u00fdch svaz\u016f a profesn\u00edch asociac\u00ed v\u00a0\u010cesk\u00e9 i Slovensk\u00e9 republice. M\u00e1 tedy status mezin\u00e1rodn\u00ed centr\u00e1ly se s\u00eddly v\u00a0Praze a Bratislav\u011b. Pro Moravu a Slezsko bylo z\u0159\u00edzeno region\u00e1ln\u00ed pracovi\u0161t\u011b v\u00a0Brn\u011b, p\u016fvodn\u011b se dv\u011bma zam\u011bstnanci a jedn\u00edm inspektorem BOZP. Chod centr\u00e1ly v\u00a0Bratislav\u011b zabezpe\u010duj\u00ed dva pracovn\u00edci, v\u00a0Praze p\u011bt pracovn\u00edk\u016f a jeden inspektor BOZP.<\/p>\n<p>Sou\u010dasn\u00fd stav \u010dlensk\u00e9 z\u00e1kladny, m\u011b\u0159eno po\u010dtem p\u0159isp\u00edvaj\u00edc\u00edch \u010dlen\u016f konfederovan\u00fdch OS KUK, p\u0159edstavuje cca 31.500 \u010dlen\u016f (podle posledn\u00edho s\u010d\u00edt\u00e1n\u00ed). Ve\u00a0srovn\u00e1n\u00ed s\u00a0rokem 1989, kdy byla v\u00a0odv\u011btv\u00ed kultury 90 %-n\u00ed odborov\u00e1 organizovanost, reprezentovan\u00e1 120 000 \u010dleny, jde o v\u00fdrazn\u00fd pokles \u010dlensk\u00e9 z\u00e1kladny.<\/p>\n<p>Vzhledem k\u00a0celkov\u00e9mu pr\u016fb\u011bhu restrukturalizace v\u00a0p\u0159edchoz\u00edch letech (zna\u010dn\u00e9\u00a0 sni\u017eov\u00e1n\u00ed pracovn\u00edk\u016f v\u00a0odv\u011btv\u00ed kultury, ru\u0161en\u00ed mnoha organizac\u00ed, jako kina, kulturn\u00ed domy, divadla, p\u0159echod zna\u010dn\u00e9ho po\u010dtu um\u011bleck\u00fdch profes\u00ed do podnikatelsk\u00e9 sf\u00e9ry, resp. do oblasti p\u016fsobnosti \u017eivnostensk\u00e9ho z\u00e1kona apod.), jde o vcelku o\u010dek\u00e1van\u00fd trend. KUK v\u0161ak nikdy nestav\u011bla svoji \u010dinnost na kvantit\u011b \u010dlensk\u00e9 z\u00e1kladny, ale v\u017edy zd\u016fraz\u0148ovala pot\u0159ebu d\u016fsledn\u00e9ho zastupov\u00e1n\u00ed \u0161ir\u0161\u00edho profesn\u00edho spektra odv\u011btv\u00ed kultury, um\u011bn\u00ed a ekologie, kter\u00e1 maj\u00ed specifick\u00fd charakter s\u00a0nestandardn\u00edmi soci\u00e1ln\u00edmi dopady i nestandardn\u00edmi ekonomick\u00fdmi re\u017eimy.<\/p>\n<p>I nad\u00e1le z\u016fst\u00e1v\u00e1 t\u011b\u017ei\u0161t\u011bm \u010dinnosti KUK snaha o dodr\u017eov\u00e1n\u00ed soci\u00e1ln\u00edho sm\u00edru jako podm\u00ednky pokra\u010duj\u00edc\u00ed hospod\u00e1\u0159sk\u00e9 transformace, prosazov\u00e1n\u00ed stanovisek soci\u00e1ln\u00ed, mzdov\u00e9 a legislativn\u00ed povahy, v\u00a0r\u00e1mci p\u0159ipom\u00ednkov\u00e9ho \u0159\u00edzen\u00ed. KUK klade d\u016fraz na ot\u00e1zky kolektivn\u00edho vyjedn\u00e1v\u00e1n\u00ed, kter\u00e9 je nejvhodn\u011bj\u0161\u00ed a nej\u00fa\u010dinn\u011bj\u0161\u00ed formou zabezpe\u010dov\u00e1n\u00ed pr\u00e1v a po\u017eadavk\u016f zam\u011bstnanc\u016f, v\u00a0oblasti \u017eiv\u00e9ho um\u011bn\u00ed a audiovize pak i pracovn\u00edk\u016f tzv. \u201ena voln\u00e9 noze\u201c (tzv. free lance).<\/p>\n<p>Samostatn\u00fdm probl\u00e9mem je uzav\u00edr\u00e1n\u00ed kolektivn\u00edch smluv vy\u0161\u0161\u00edho stupn\u011b. Tato ot\u00e1zka je legislativn\u011b velmi n\u00e1ro\u010dn\u00e1 a vy\u017eaduje trp\u011bliv\u00e1 jedn\u00e1n\u00ed. Proto\u017ee KUK je p\u0159ipom\u00ednkov\u00fdm m\u00edstem p\u0159i tvorb\u011b z\u00e1kon\u016f a legislativn\u00edch norem, znamen\u00e1 to pro ni tak\u00e9 \u0159adu \u00fakol\u016f s\u00a0t\u00edm spojen\u00fdch, kter\u00e9 by mohla jen t\u011b\u017eko bez v\u00fdrazn\u00e9 sou\u010dinnosti konfederovan\u00fdch svaz\u016f odpov\u011bdn\u011b plnit.<\/p>\n","protected":false},"excerpt":{"rendered":"<p>Konfederace um\u011bn\u00ed a kultury je mezin\u00e1rodn\u00ed odborov\u00e1 centr\u00e1la s p\u016fsobnost\u00ed v \u010cesk\u00e9 republice se s\u00eddlem v Praze a v Brn\u011b a ve Slovensk\u00e9 republice se s\u00eddlem v Bratislav\u011b. Jedn\u00e1 se o samostatn\u00e9, nez\u00e1visl\u00e9 sdru\u017een\u00ed odborov\u00fdch a profesn\u00edch svaz\u016f a sdru\u017een\u00ed v\u00a0oblasti um\u011bn\u00ed, kultury a dal\u0161\u00edch tv\u016fr\u010d\u00edch \u010dinnost\u00ed s\u00a0c\u00edlem spole\u010dn\u00e9ho postupu p\u0159i h\u00e1jen\u00ed a prosazov\u00e1n\u00ed pr\u00e1v [&hellip;]<\/p>\n","protected":false},"author":1,"featured_media":0,"parent":0,"menu_order":0,"comment_status":"closed","ping_status":"closed","template":"","meta":[],"categories":[3],"tags":[],"_links":{"self":[{"href":"https:\/\/www.odborykuk.cz\/index.php?rest_route=\/wp\/v2\/pages\/94"}],"collection":[{"href":"https:\/\/www.odborykuk.cz\/index.php?rest_route=\/wp\/v2\/pages"}],"about":[{"href":"https:\/\/www.odborykuk.cz\/index.php?rest_route=\/wp\/v2\/types\/page"}],"author":[{"embeddable":true,"href":"https:\/\/www.odborykuk.cz\/index.php?rest_route=\/wp\/v2\/users\/1"}],"replies":[{"embeddable":true,"href":"https:\/\/www.odborykuk.cz\/index.php?rest_route=%2Fwp%2Fv2%2Fcomments&post=94"}],"version-history":[{"count":2,"href":"https:\/\/www.odborykuk.cz\/index.php?rest_route=\/wp\/v2\/pages\/94\/revisions"}],"predecessor-version":[{"id":97,"href":"https:\/\/www.odborykuk.cz\/index.php?rest_route=\/wp\/v2\/pages\/94\/revisions\/97"}],"wp:attachment":[{"href":"https:\/\/www.odborykuk.cz\/index.php?rest_route=%2Fwp%2Fv2%2Fmedia&parent=94"}],"wp:term":[{"taxonomy":"category","embeddable":true,"href":"https:\/\/www.odborykuk.cz\/index.php?rest_route=%2Fwp%2Fv2%2Fcategories&post=94"},{"taxonomy":"post_tag","embeddable":true,"href":"https:\/\/www.odborykuk.cz\/index.php?rest_route=%2Fwp%2Fv2%2Ftags&post=94"}],"curies":[{"name":"wp","href":"https:\/\/api.w.org\/{rel}","templated":true}]}}